{"id":2,"date":"2013-01-07T19:14:39","date_gmt":"2013-01-07T18:14:39","guid":{"rendered":"http:\/\/192.168.1.23\/wordpress\/?page_id=2"},"modified":"2017-05-14T09:04:28","modified_gmt":"2017-05-14T07:04:28","slug":"beispiel-seite","status":"publish","type":"page","link":"https:\/\/pflegebuch.auk-pflege-mobil.de\/","title":{"rendered":"Infomationen"},"content":{"rendered":"<p><strong>Info:<br \/>\n<\/strong>Dies ist das Pflegetagebuch der Firma: <strong>AuK-Pflege-Mobil\u00a0<\/strong>Alle wichtigen Eintragungen finden Sie unter den folgenden Kategorien, welche Ihnen auf dem rechten Bildschirmrand eingeblendet werden.<\/p>\n<p><strong>Das Pflegebuch:<br \/>\n<\/strong>Hier werden alle f\u00fcr die Pflege relevanten Informationen eingetragen.<br \/>\nSowohl bez\u00fcglich Patienten, Mitarbeiter, \u00c4rzte, Medikamente etc.<\/p>\n<p><strong>Die Fahrzeugverwaltung:<br \/>\n<\/strong>Alles rund ums Auto, ob defekt , anstehende Inspektionen, Reifenwechsel<br \/>\nUnf\u00e4lle oder Besch\u00e4digungen und was noch so wichtig ist.<\/p>\n<p><strong>Allgemeines<br \/>\n<\/strong>Alles was inden Rubriken zuvor nicht unter geordnet werden kann, Dienstbesprechungen, Fortbildungen, interne Termine, usw.<\/p>\n<p><strong>Dienstpl\u00e4ne<br \/>\n<\/strong>Hier sind die aktuellen Dienstpl\u00e4ne Wochenweise immer hinterlegt.<\/p>\n<p><strong>Login-Bereich:<br \/>\n<\/strong>Nutzen Sie den Loginberreich auf der\u00a0rechten Seite um entsprechende Eintragung im Tagebuch durchzuf\u00fchren.<\/p>\n","protected":false},"excerpt":{"rendered":"<p>Info: Dies ist das Pflegetagebuch der Firma: AuK-Pflege-Mobil\u00a0Alle wichtigen Eintragungen finden Sie unter den folgenden Kategorien, welche Ihnen auf dem rechten Bildschirmrand eingeblendet werden. Das Pflegebuch: Hier werden alle f\u00fcr die Pflege relevanten Informationen eingetragen. Sowohl bez\u00fcglich Patienten, Mitarbeiter, \u00c4rzte, Medikamente etc. Die Fahrzeugverwaltung: Alles rund ums Auto, ob defekt , anstehende Inspektionen, Reifenwechsel Unf\u00e4lle &hellip; <a href=\"https:\/\/pflegebuch.auk-pflege-mobil.de\/\" class=\"more-link\"><span class=\"screen-reader-text\">Infomationen<\/span> weiterlesen<\/a><\/p>\n","protected":false},"author":1,"featured_media":0,"parent":0,"menu_order":0,"comment_status":"closed","ping_status":"closed","template":"","meta":{"footnotes":""},"class_list":["post-2","page","type-page","status-publish","hentry"],"_links":{"self":[{"href":"https:\/\/pflegebuch.auk-pflege-mobil.de\/index.php?rest_route=\/wp\/v2\/pages\/2","targetHints":{"allow":["GET"]}}],"collection":[{"href":"https:\/\/pflegebuch.auk-pflege-mobil.de\/index.php?rest_route=\/wp\/v2\/pages"}],"about":[{"href":"https:\/\/pflegebuch.auk-pflege-mobil.de\/index.php?rest_route=\/wp\/v2\/types\/page"}],"author":[{"embeddable":true,"href":"https:\/\/pflegebuch.auk-pflege-mobil.de\/index.php?rest_route=\/wp\/v2\/users\/1"}],"replies":[{"embeddable":true,"href":"https:\/\/pflegebuch.auk-pflege-mobil.de\/index.php?rest_route=%2Fwp%2Fv2%2Fcomments&post=2"}],"version-history":[{"count":0,"href":"https:\/\/pflegebuch.auk-pflege-mobil.de\/index.php?rest_route=\/wp\/v2\/pages\/2\/revisions"}],"wp:attachment":[{"href":"https:\/\/pflegebuch.auk-pflege-mobil.de\/index.php?rest_route=%2Fwp%2Fv2%2Fmedia&parent=2"}],"curies":[{"name":"wp","href":"https:\/\/api.w.org\/{rel}","templated":true}]}}